{"id":102,"date":"2021-10-09T06:32:13","date_gmt":"2021-10-09T06:32:13","guid":{"rendered":"https:\/\/beauxlacs.centreest.ca\/?page_id=102"},"modified":"2022-09-13T15:45:34","modified_gmt":"2022-09-13T21:45:34","slug":"kids-corner","status":"publish","type":"page","link":"https:\/\/beauxlacs.centreest.ca\/en\/kids-corner\/","title":{"rendered":"Kid&#8217;s corner"},"content":{"rendered":"<div class=\"wpb-content-wrapper\"><p>[vc_row][vc_column][vc_column_text]You will find all kinds of information in this page specially created for you.<\/p>\n<p>All the resources are in French.[\/vc_column_text][vc_separator][vc_column_text]<img loading=\"lazy\" decoding=\"async\" class=\"alignnone wp-image-828\" src=\"https:\/\/beauxlacs.centreest.ca\/wp-content\/uploads\/2021\/10\/Beaux-Lacs_banniere_Primaire.jpg\" alt=\"\" width=\"1771\" height=\"371\" srcset=\"https:\/\/beauxlacs.centreest.ca\/wp-content\/uploads\/2021\/10\/Beaux-Lacs_banniere_Primaire.jpg 850w, https:\/\/beauxlacs.centreest.ca\/wp-content\/uploads\/2021\/10\/Beaux-Lacs_banniere_Primaire-300x63.jpg 300w, https:\/\/beauxlacs.centreest.ca\/wp-content\/uploads\/2021\/10\/Beaux-Lacs_banniere_Primaire-768x161.jpg 768w\" sizes=\"auto, (max-width: 1771px) 100vw, 1771px\" \/>[\/vc_column_text][vc_column_text]<strong>Ressources p\u00e9dagogiques<\/strong><\/p>\n<p><strong><a href=\"https:\/\/www.alloprof.qc.ca\/\" target=\"_blank\" rel=\"noopener nofollow\">Aide aux devoirs \u2013 Allo Prof<\/a><\/strong><\/p>\n<p><strong><a href=\"https:\/\/vfc.acelf.ca\/\" target=\"_blank\" rel=\"noopener nofollow\">Francophonie canadienne \u2013 ACELF<\/a><\/strong><\/p>\n<p>&nbsp;<\/p>\n<p><strong>Sites Web et applications int\u00e9ressantes<\/strong><\/p>\n<p><a href=\"https:\/\/sommet.centreest.ca\/wp-content\/uploads\/2021\/08\/Temps-decran-educatif.pdf\" target=\"_blank\" rel=\"noopener\"><strong>Liste de sites Web \u00e9ducatifs<\/strong><\/a><\/p>\n<p><a href=\"https:\/\/ici.radio-canada.ca\/jeunesse\/maj\" target=\"_blank\" rel=\"noopener nofollow\"><strong>Actualit\u00e9 pour les jeunes \u2013 MAJ<\/strong><\/a><\/p>\n<p><a href=\"https:\/\/ici.radio-canada.ca\/jeunesse\/scolaire\/emissions\/441\/oniva\" target=\"_blank\" rel=\"noopener nofollow\"><b>\u00c9mission jeunesse \u2013 Oniva<\/b><\/a><\/p>\n<p>&nbsp;<\/p>\n<p><strong>Projets\/Voyages\/Concours<\/strong><\/p>\n<p><em>Cette section est r\u00e9serv\u00e9e aux concours auxquels les \u00e9l\u00e8ves peuvent participer, les opportunit\u00e9s de voyage et les projets qui leur sont propos\u00e9s.<\/em>[\/vc_column_text][vc_separator][vc_column_text]<img loading=\"lazy\" decoding=\"async\" class=\"alignnone wp-image-831\" src=\"https:\/\/beauxlacs.centreest.ca\/wp-content\/uploads\/2021\/11\/Beaux-Lacs_banniere_Secondaire.jpg\" alt=\"\" width=\"1771\" height=\"371\" srcset=\"https:\/\/beauxlacs.centreest.ca\/wp-content\/uploads\/2021\/11\/Beaux-Lacs_banniere_Secondaire.jpg 850w, https:\/\/beauxlacs.centreest.ca\/wp-content\/uploads\/2021\/11\/Beaux-Lacs_banniere_Secondaire-300x63.jpg 300w, https:\/\/beauxlacs.centreest.ca\/wp-content\/uploads\/2021\/11\/Beaux-Lacs_banniere_Secondaire-768x161.jpg 768w\" sizes=\"auto, (max-width: 1771px) 100vw, 1771px\" \/>[\/vc_column_text][vc_column_text]<\/p>\n<div class=\"wpb_text_column wpb_content_element \">\n<div class=\"wpb_wrapper\">\n<p><strong>Ressources p\u00e9dagogiques<\/strong><\/p>\n<p><strong><a href=\"https:\/\/www.alloprof.qc.ca\/\" target=\"_blank\" rel=\"noopener nofollow\">Aide aux devoirs \u2013 Allo prof<\/a><\/strong><\/p>\n<p>&nbsp;<\/p>\n<p><strong>Sites Web et applications int\u00e9ressantes<\/strong><\/p>\n<p><a href=\"https:\/\/sommet.centreest.ca\/wp-content\/uploads\/2021\/08\/Temps-decran-educatif.pdf\" target=\"_blank\" rel=\"noopener\"><strong>Liste de sites Web \u00e9ducatifs<\/strong><\/a><\/p>\n<p><a href=\"https:\/\/ici.radio-canada.ca\/jeunesse\/maj\" target=\"_blank\" rel=\"noopener nofollow\"><strong>Actualit\u00e9 pour les jeunes \u2013 MAJ<\/strong><\/a><\/p>\n<p><a href=\"https:\/\/ici.radio-canada.ca\/jeunesse\/scolaire\/emissions\/441\/oniva\" target=\"_blank\" rel=\"noopener nofollow\"><strong>\u00c9mission jeunesse \u2013 Oniva<\/strong><\/a><\/p>\n<p>&nbsp;<\/p>\n<p><strong>Projets\/Voyages\/Concours<\/strong><\/p>\n<p><em>Cette section est r\u00e9serv\u00e9e aux concours auxquels les \u00e9l\u00e8ves peuvent participer, les opportunit\u00e9s de voyage et les projets qui leur sont propos\u00e9s.<\/em><\/p>\n<p><strong><a href=\"https:\/\/cdmalberta.ca\/galala\/\" target=\"_blank\" rel=\"noopener nofollow\">Le Galala<\/a><\/strong><\/p>\n<p><strong><a href=\"https:\/\/www.fjalberta.ca\/\" target=\"_blank\" rel=\"noopener nofollow\">FJA<\/a><\/strong><\/p>\n<p><strong><a href=\"https:\/\/francaisanglais.ca\/destination-clic\/\" target=\"_blank\" rel=\"noopener nofollow\">Destination Clic<\/a><\/strong><\/p>\n<p><strong><a href=\"https:\/\/www.ualberta.ca\/camps\/science\/index.html\" target=\"_blank\" rel=\"noopener nofollow\">Camps d\u2019\u00e9t\u00e9 scientifiques-UofA<\/a><\/strong><\/p>\n<p>&nbsp;<\/p>\n<p><strong>Bourses<\/strong><\/p>\n<p><em>Vous trouverez ici les bourses et les prix disponibles pour les \u00e9l\u00e8ves de l\u2019\u00e9cole du Sommet.<\/em><\/p>\n<p><a href=\"https:\/\/sommet.centreest.ca\/wp-content\/uploads\/2021\/08\/Guide-Bourses-CSCE-2020-2021.pdf\" target=\"_blank\" rel=\"noopener\"><strong>Guide d\u2019application aux bourses 2020-2021<\/strong><\/a><\/p>\n<p><a href=\"https:\/\/sommet.centreest.ca\/wp-content\/uploads\/2021\/08\/Programmes-de-bourses-locales-St-Paul-2.pdf\" target=\"_blank\" rel=\"noopener\"><strong>Programmes de bourses locales<\/strong><\/a><\/p>\n<p><strong><a href=\"https:\/\/alis.alberta.ca\/\" target=\"_blank\" rel=\"noopener nofollow\">www.alis.alberta.ca<\/a><\/strong><\/p>\n<p><strong><a href=\"https:\/\/www.scholarshipscanada.com\/\" target=\"_blank\" rel=\"noopener nofollow\">www.scholarshipscanada.com<\/a><\/strong><\/p>\n<p><strong><a href=\"https:\/\/tradesecrets.alberta.ca\/\" target=\"_blank\" rel=\"noopener nofollow\">www.tradesecrets.alberta.ca<\/a><\/strong><\/p>\n<p><strong><a href=\"https:\/\/www.canada.ca\/fr\/services\/prestations\/education.html\" target=\"_blank\" rel=\"noopener nofollow\">www.cibletudes.ca<\/a><\/strong><\/p>\n<\/div>\n<\/div>\n<div class=\"vc_separator wpb_content_element vc_separator_align_center vc_sep_width_100 vc_sep_pos_align_center vc_separator_no_text vc_sep_color_grey\"><\/div>\n<p>[\/vc_column_text][vc_separator][vc_column_text]<img loading=\"lazy\" decoding=\"async\" class=\"alignnone wp-image-833\" src=\"https:\/\/beauxlacs.centreest.ca\/wp-content\/uploads\/2021\/11\/Beaux-Lacs_banniere_SanteMentale.jpg\" alt=\"\" width=\"1771\" height=\"371\" srcset=\"https:\/\/beauxlacs.centreest.ca\/wp-content\/uploads\/2021\/11\/Beaux-Lacs_banniere_SanteMentale.jpg 850w, https:\/\/beauxlacs.centreest.ca\/wp-content\/uploads\/2021\/11\/Beaux-Lacs_banniere_SanteMentale-300x63.jpg 300w, https:\/\/beauxlacs.centreest.ca\/wp-content\/uploads\/2021\/11\/Beaux-Lacs_banniere_SanteMentale-768x161.jpg 768w\" sizes=\"auto, (max-width: 1771px) 100vw, 1771px\" \/>[\/vc_column_text][vc_column_text]<em>Vous trouverez ici des ressources et des programmes pour le bien-\u00eatre et la sant\u00e9 mentale.<\/em><\/p>\n<p><a href=\"https:\/\/reseausantealbertain.ca\/\" target=\"_blank\" rel=\"noopener nofollow\"><strong>R\u00e9seau sant\u00e9 Alberta<\/strong><\/a><\/p>\n<p><strong><a href=\"https:\/\/jack.org\/Resources\/ABHub\" target=\"_blank\" rel=\"noopener nofollow\">Carrefour de ressources (anglais) \u2013 Jack.org<\/a><\/strong><\/p>\n<p><a href=\"https:\/\/fondationjeunesentete.org\/nos-actions\/atelier-solidaires-pour-la-sante-mentale\/\" target=\"_blank\" rel=\"noopener nofollow\"><strong>Fondation Jeunes en t\u00eate<\/strong><\/a><\/p>\n<p><a href=\"https:\/\/www.participaction.com\/fr-ca\/\" target=\"_blank\" rel=\"noopener nofollow\"><strong>Activit\u00e9s physiques et bien-\u00eatre \u2013 Particip\u2019Action<\/strong><\/a>[\/vc_column_text][vc_separator][vc_column_text]<img loading=\"lazy\" decoding=\"async\" class=\"alignnone wp-image-835\" src=\"https:\/\/beauxlacs.centreest.ca\/wp-content\/uploads\/2021\/11\/Beaux-Lacs_banniere_section_ConseitEtudiant.jpg\" alt=\"\" width=\"1771\" height=\"371\" srcset=\"https:\/\/beauxlacs.centreest.ca\/wp-content\/uploads\/2021\/11\/Beaux-Lacs_banniere_section_ConseitEtudiant.jpg 850w, https:\/\/beauxlacs.centreest.ca\/wp-content\/uploads\/2021\/11\/Beaux-Lacs_banniere_section_ConseitEtudiant-300x63.jpg 300w, https:\/\/beauxlacs.centreest.ca\/wp-content\/uploads\/2021\/11\/Beaux-Lacs_banniere_section_ConseitEtudiant-768x161.jpg 768w\" sizes=\"auto, (max-width: 1771px) 100vw, 1771px\" \/>[\/vc_column_text][vc_column_text]Activit\u00e9s organis\u00e9es par le conseil \u00e9tudiant<\/p>\n<p><strong>Septembre 2022<\/strong><\/p>\n<p>Le conseil \u00e9tudiant organise une journ\u00e9e th\u00e8me par\u00a0semaine pour les \u00e9l\u00e8ves afin d\u2019encourager l\u2019esprit d\u2019\u00e9quipe et\u00a0la participation de tous les \u00e9l\u00e8ves.<\/p>\n<ul>\n<li>Activit\u00e9s \u00e0 venir<\/li>\n<\/ul>\n<p>[\/vc_column_text][\/vc_column][\/vc_row]<\/p>\n<\/div>","protected":false},"excerpt":{"rendered":"<p>[vc_row][vc_column][vc_column_text]You will find all kinds of information in this page specially created for you. All the resources are in French.[\/vc_column_text][vc_separator][vc_column_text][\/vc_column_text][vc_column_text]Ressources p\u00e9dagogiques Aide aux devoirs \u2013 Allo Prof Francophonie canadienne \u2013 ACELF &nbsp; Sites Web et applications int\u00e9ressantes Liste de sites Web \u00e9ducatifs Actualit\u00e9 pour les jeunes \u2013 MAJ \u00c9mission jeunesse \u2013 Oniva &nbsp; Projets\/Voyages\/Concours Cette [&hellip;]<\/p>\n","protected":false},"author":1,"featured_media":0,"parent":0,"menu_order":0,"comment_status":"closed","ping_status":"closed","template":"","meta":{"footnotes":""},"class_list":["post-102","page","type-page","status-publish","hentry"],"_links":{"self":[{"href":"https:\/\/beauxlacs.centreest.ca\/en\/wp-json\/wp\/v2\/pages\/102","targetHints":{"allow":["GET"]}}],"collection":[{"href":"https:\/\/beauxlacs.centreest.ca\/en\/wp-json\/wp\/v2\/pages"}],"about":[{"href":"https:\/\/beauxlacs.centreest.ca\/en\/wp-json\/wp\/v2\/types\/page"}],"author":[{"embeddable":true,"href":"https:\/\/beauxlacs.centreest.ca\/en\/wp-json\/wp\/v2\/users\/1"}],"replies":[{"embeddable":true,"href":"https:\/\/beauxlacs.centreest.ca\/en\/wp-json\/wp\/v2\/comments?post=102"}],"version-history":[{"count":2,"href":"https:\/\/beauxlacs.centreest.ca\/en\/wp-json\/wp\/v2\/pages\/102\/revisions"}],"predecessor-version":[{"id":1182,"href":"https:\/\/beauxlacs.centreest.ca\/en\/wp-json\/wp\/v2\/pages\/102\/revisions\/1182"}],"wp:attachment":[{"href":"https:\/\/beauxlacs.centreest.ca\/en\/wp-json\/wp\/v2\/media?parent=102"}],"curies":[{"name":"wp","href":"https:\/\/api.w.org\/{rel}","templated":true}]}}