{"id":114,"date":"2021-10-09T06:53:41","date_gmt":"2021-10-09T06:53:41","guid":{"rendered":"https:\/\/beauxlacs.centreest.ca\/?page_id=114"},"modified":"2021-10-29T06:12:41","modified_gmt":"2021-10-29T12:12:41","slug":"coup-de-coeur","status":"publish","type":"page","link":"https:\/\/beauxlacs.centreest.ca\/en\/equipe\/coup-de-coeur\/","title":{"rendered":"Coup de coeur"},"content":{"rendered":"<div class=\"wpb-content-wrapper\"><p>[vc_row][vc_column][vc_column_text]<img loading=\"lazy\" decoding=\"async\" class=\"aligncenter wp-image-790 size-full\" src=\"https:\/\/beauxlacs.centreest.ca\/wp-content\/uploads\/2021\/10\/banniere_coup-1.jpg\" alt=\"\" width=\"1706\" height=\"414\" srcset=\"https:\/\/beauxlacs.centreest.ca\/wp-content\/uploads\/2021\/10\/banniere_coup-1.jpg 1706w, https:\/\/beauxlacs.centreest.ca\/wp-content\/uploads\/2021\/10\/banniere_coup-1-300x73.jpg 300w, https:\/\/beauxlacs.centreest.ca\/wp-content\/uploads\/2021\/10\/banniere_coup-1-1024x248.jpg 1024w, https:\/\/beauxlacs.centreest.ca\/wp-content\/uploads\/2021\/10\/banniere_coup-1-768x186.jpg 768w, https:\/\/beauxlacs.centreest.ca\/wp-content\/uploads\/2021\/10\/banniere_coup-1-1536x373.jpg 1536w\" sizes=\"auto, (max-width: 1706px) 100vw, 1706px\" \/>[\/vc_column_text][\/vc_column][\/vc_row][vc_row type=&#8221;container&#8221;][vc_column]\t\t<!-- HTML CODE WILL GOES HERE - START -->\n\t\t<!-- Testimonial Section -->\n\t\t<div class=\"testimonial-section pt_20 pb_60\">\n\t\t\t<div id=\"carouselExampleControls\" class=\"carousel slide carousel-fade\" data-bs-ride=\"carousel\">\n\t\t\t\t<div class=\"carousel-inner\">\n\t\t\t\t\t\t\t\t\t\t\t<div class=\"carousel-item active\">\n\t\t\t\t\t\t\t<div class=\"testi-box text-center\">\n\t\t\t\t\t\t\t\t<div class=\"testi-box-inner\">\n\t\t\t\t\t\t\t\t\t<i class=\"quote-icon icon-signs1\"><\/i>\n\t\t\t\t\t\t\t\t\t<h5>Athmosph\u00e8re familiale, l\u2019aspet culturel et francophone, la qualit\u00e9 de l\u2019enseignement!<\/h5>\t\t\t\t\t\t\t\t\t<p>Ma femme et moi ne regrettrons jamais notre choix d'envoyer nos 3 enfants \u00e0 l'\u00c9cole Des Beaux Lacs.  L'athmosph\u00e8re familiale, l'aspet culturel et francophone, la qualit\u00e9 de l'enseignement, et les amiti\u00e9s inoubliables serviront tous \u00e0 developper leur confiance et approfondir les connaissances n\u00e9c\u00e9ssaires afin de devenir des citoyens de premi\u00e8res classes.  La cr\u00e9ation d'une soci\u00e9t\u00e9 vibrante est fond\u00e9e sur le d\u00e9veloppement de nos enfants.  L'\u00c9cole Des Beaux Lacs joue un role primordial dans ce cheminement et nos finissants en sont l'example de cette r\u00e9ussite.<\/p>\n\t\t\t\t\t\t\t\t\t\t\t\t\t\t\t\t\t\t\t<div class=\"author-info\">\n\t\t\t\t\t\t\t\t\t\t\t<p><i><strong>Jean-Fran\u00e7ois Bernier<\/strong><br \/>\nParent<\/i><\/p>\n\t\t\t\t\t\t\t\t\t\t<\/div>\n\t\t\t\t\t\t\t\t\t\t\t\t\t\t\t\t\t\t<\/div>\n\t\t\t\t\t\t\t<\/div>\n\t\t\t\t\t\t<\/div>\n\t\t\t\t\t\t\t\t\t\t\t\t<div class=\"carousel-item\">\n\t\t\t\t\t\t\t<div class=\"testi-box text-center\">\n\t\t\t\t\t\t\t\t<div class=\"testi-box-inner\">\n\t\t\t\t\t\t\t\t\t<i class=\"quote-icon icon-signs1\"><\/i>\n\t\t\t\t\t\t\t\t\t<h5>T\u00e9moignage d\u2019un parent<\/h5>\t\t\t\t\t\t\t\t\t<p>Nos enfants fr\u00e9quentent maintenant l\u2019\u00c9cole des Beaux Lacs. Cette \u00e9cole fran\u00e7aise est, sans aucun doute, une des meilleures choses que Bonnyville a \u00e0 offrir. Les enseignants et le personnel sont formidables. Nos enfants adorent les jours d\u2019\u00e9cole. La grandeur de cette \u00e9cole, primaire\/secondaire, aide beaucoup \u00e0 la rencontre et \u00e0 se faire de nouveaux amis. Lorsque nous nous y rendons, tout le monde sait qui nous sommes et qui sont nos enfants. Nous n\u2019avons jamais l\u2019impression d\u2019\u00eatre, seulement, un num\u00e9ro. De belles ann\u00e9es \u00e0 venir pour nos enfants\u2026 \u2026 et leurs parents!<\/p>\n\t\t\t\t\t\t\t\t\t\t\t\t\t\t\t\t\t\t\t<div class=\"author-info\">\n\t\t\t\t\t\t\t\t\t\t\t<p><i><strong>Pierre-Alexandre Fredette<\/strong><br \/>\nParent<\/i><\/p>\n\t\t\t\t\t\t\t\t\t\t<\/div>\n\t\t\t\t\t\t\t\t\t\t\t\t\t\t\t\t\t\t<\/div>\n\t\t\t\t\t\t\t<\/div>\n\t\t\t\t\t\t<\/div>\n\t\t\t\t\t\t\t\t\t\t<\/div>\n\t\t\t<\/div>\n\t\t<\/div><!-- Testimonial Section \/- -->\n\t\t<!-- HTML CODE WILL GOES HERE - END -->\n\t\t[\/vc_column][\/vc_row]<\/p>\n<\/div>","protected":false},"excerpt":{"rendered":"<p>[vc_row][vc_column][vc_column_text][\/vc_column_text][\/vc_column][\/vc_row][vc_row type=&#8221;container&#8221;][vc_column][\/vc_column][\/vc_row]<\/p>\n","protected":false},"author":1,"featured_media":0,"parent":112,"menu_order":0,"comment_status":"closed","ping_status":"closed","template":"","meta":{"footnotes":""},"class_list":["post-114","page","type-page","status-publish","hentry"],"_links":{"self":[{"href":"https:\/\/beauxlacs.centreest.ca\/en\/wp-json\/wp\/v2\/pages\/114","targetHints":{"allow":["GET"]}}],"collection":[{"href":"https:\/\/beauxlacs.centreest.ca\/en\/wp-json\/wp\/v2\/pages"}],"about":[{"href":"https:\/\/beauxlacs.centreest.ca\/en\/wp-json\/wp\/v2\/types\/page"}],"author":[{"embeddable":true,"href":"https:\/\/beauxlacs.centreest.ca\/en\/wp-json\/wp\/v2\/users\/1"}],"replies":[{"embeddable":true,"href":"https:\/\/beauxlacs.centreest.ca\/en\/wp-json\/wp\/v2\/comments?post=114"}],"version-history":[{"count":0,"href":"https:\/\/beauxlacs.centreest.ca\/en\/wp-json\/wp\/v2\/pages\/114\/revisions"}],"up":[{"embeddable":true,"href":"https:\/\/beauxlacs.centreest.ca\/en\/wp-json\/wp\/v2\/pages\/112"}],"wp:attachment":[{"href":"https:\/\/beauxlacs.centreest.ca\/en\/wp-json\/wp\/v2\/media?parent=114"}],"curies":[{"name":"wp","href":"https:\/\/api.w.org\/{rel}","templated":true}]}}